{"id":754,"date":"2025-03-14T06:39:07","date_gmt":"2025-03-14T06:39:07","guid":{"rendered":"https:\/\/gokmenarslan.com.tr\/?page_id=754"},"modified":"2025-10-05T18:52:39","modified_gmt":"2025-10-05T18:52:39","slug":"bilimsel-makaleler","status":"publish","type":"page","link":"https:\/\/gokmenarslan.com.tr\/?page_id=754","title":{"rendered":"Bilimsel Makaleler"},"content":{"rendered":"<p style=\"font-family: Georgia, 'Times New Roman', 'Bitstream Charter', Times, serif; font-style: normal; font-weight: 400; color: #333333; margin: 0px; padding: 0px;\">Psikoloji alan\u0131nda y\u00fcr\u00fctt\u00fc\u011f\u00fcm ara\u015ft\u0131rmalar ve akademik \u00e7al\u0131\u015fmalar\u0131m, \u00f6zellikle pozitif psikoloji, iyi olu\u015f ve ruh sa\u011fl\u0131\u011f\u0131 alanlar\u0131nda yo\u011funla\u015fmaktad\u0131r.<\/p>\n<h4 id=\"google-scholar-profili\" style=\"font-family: Georgia, 'Times New Roman', 'Bitstream Charter', Times, serif; font-style: normal; font-weight: 400; color: #333333;\"><strong>Google Scholar Profili<\/strong><\/h4>\n<p style=\"font-family: Georgia, 'Times New Roman', 'Bitstream Charter', Times, serif; font-style: normal; font-weight: 400; color: #333333; margin: 0px; padding: 0px;\">G\u00fcncel yay\u0131n listeme ve at\u0131f bilgilerime ula\u015fmak i\u00e7in Google Scholar profilimi ziyaret edebilirsiniz:<br \/>\n<a href=\"https:\/\/scholar.google.com\/citations?user=TUP0EJsAAAAJ&amp;hl=tr\" target=\"_blank\" rel=\"noopener noreferrer\">Google Scholar &#8211; G\u00f6kmen Arslan<\/a><\/p>\n<h4 id=\"zgecmi\" style=\"font-family: Georgia, 'Times New Roman', 'Bitstream Charter', Times, serif; font-style: normal; font-weight: 400; color: #333333;\"><strong>\u00d6zge\u00e7mi\u015f<\/strong><\/h4>\n<p style=\"font-family: Georgia, 'Times New Roman', 'Bitstream Charter', Times, serif; font-style: normal; font-weight: 400; color: #333333; margin: 0px; padding: 0px;\">Detayl\u0131 akademik ge\u00e7mi\u015fim ve yay\u0131n listem i\u00e7in \u00f6zge\u00e7mi\u015fimi inceleyebilirsiniz:<br \/>\n<a href=\"https:\/\/docs.google.com\/document\/d\/1XdX9g22uqCUDNkBx6jdAKSxp91q-YU47\/edit?usp=sharing&amp;ouid=100914340029639131112&amp;rtpof=true&amp;sd=true\" target=\"_blank\" rel=\"noopener\">\u00d6zge\u00e7mi\u015f- PDF<\/a><\/p>\n<h4 id=\"aratrma-alanlar\" style=\"font-family: Georgia, 'Times New Roman', 'Bitstream Charter', Times, serif; font-style: normal; font-weight: 400; color: #333333;\"><strong>Ara\u015ft\u0131rma Alanlar\u0131<\/strong><\/h4>\n<ul style=\"font-family: Georgia, 'Times New Roman', 'Bitstream Charter', Times, serif; font-style: normal; font-weight: 400; color: #333333;\">\n<li style=\"font-family: Georgia, 'Times New Roman', 'Bitstream Charter', Times, serif; font-style: normal; font-weight: 400; color: #333333;\">Pozitif Psikoloji<\/li>\n<li style=\"font-family: Georgia, 'Times New Roman', 'Bitstream Charter', Times, serif; font-style: normal; font-weight: 400; color: #333333;\">\u0130yi Olu\u015f<\/li>\n<li style=\"font-family: Georgia, 'Times New Roman', 'Bitstream Charter', Times, serif; font-style: normal; font-weight: 400; color: #333333;\">Okulda Pozitif Psikolojisi<\/li>\n<li style=\"font-family: Georgia, 'Times New Roman', 'Bitstream Charter', Times, serif; font-style: normal; font-weight: 400; color: #333333;\">Ruh Sa\u011fl\u0131\u011f\u0131<\/li>\n<\/ul>\n","protected":false},"excerpt":{"rendered":"<p>Psikoloji alan\u0131nda y\u00fcr\u00fctt\u00fc\u011f\u00fcm ara\u015ft\u0131rmalar ve akademik \u00e7al\u0131\u015fmalar\u0131m, \u00f6zellikle pozitif psikoloji, iyi olu\u015f ve ruh sa\u011fl\u0131\u011f\u0131 alanlar\u0131nda yo\u011funla\u015fmaktad\u0131r. Google Scholar Profili G\u00fcncel yay\u0131n listeme ve at\u0131f bilgilerime ula\u015fmak i\u00e7in Google Scholar profilimi ziyaret edebilirsiniz: Google Scholar &#8211; G\u00f6kmen Arslan \u00d6zge\u00e7mi\u015f Detayl\u0131 akademik ge\u00e7mi\u015fim ve yay\u0131n listem i\u00e7in \u00f6zge\u00e7mi\u015fimi inceleyebilirsiniz: \u00d6zge\u00e7mi\u015f- PDF Ara\u015ft\u0131rma Alanlar\u0131 Pozitif Psikoloji \u0130yi &hellip;<\/p>\n","protected":false},"author":1,"featured_media":0,"parent":0,"menu_order":0,"comment_status":"closed","ping_status":"closed","template":"","meta":{"_acf_changed":false,"footnotes":""},"class_list":["post-754","page","type-page","status-publish","hentry"],"acf":[],"_links":{"self":[{"href":"https:\/\/gokmenarslan.com.tr\/index.php?rest_route=\/wp\/v2\/pages\/754","targetHints":{"allow":["GET"]}}],"collection":[{"href":"https:\/\/gokmenarslan.com.tr\/index.php?rest_route=\/wp\/v2\/pages"}],"about":[{"href":"https:\/\/gokmenarslan.com.tr\/index.php?rest_route=\/wp\/v2\/types\/page"}],"author":[{"embeddable":true,"href":"https:\/\/gokmenarslan.com.tr\/index.php?rest_route=\/wp\/v2\/users\/1"}],"replies":[{"embeddable":true,"href":"https:\/\/gokmenarslan.com.tr\/index.php?rest_route=%2Fwp%2Fv2%2Fcomments&post=754"}],"version-history":[{"count":6,"href":"https:\/\/gokmenarslan.com.tr\/index.php?rest_route=\/wp\/v2\/pages\/754\/revisions"}],"predecessor-version":[{"id":1651,"href":"https:\/\/gokmenarslan.com.tr\/index.php?rest_route=\/wp\/v2\/pages\/754\/revisions\/1651"}],"wp:attachment":[{"href":"https:\/\/gokmenarslan.com.tr\/index.php?rest_route=%2Fwp%2Fv2%2Fmedia&parent=754"}],"curies":[{"name":"wp","href":"https:\/\/api.w.org\/{rel}","templated":true}]}}