{"id":6,"date":"2015-02-17T12:57:18","date_gmt":"2015-02-17T12:57:18","guid":{"rendered":"https:\/\/xml-io.proteusthemes.com\/mentalpress\/?page_id=6"},"modified":"2026-02-08T12:46:17","modified_gmt":"2026-02-08T12:46:17","slug":"home","status":"publish","type":"page","link":"https:\/\/gokmenarslan.com.tr\/","title":{"rendered":"Home"},"content":{"rendered":"<div id=\"pl-6\"  class=\"panel-layout\" ><div id=\"pg-6-0\"  class=\"panel-grid panel-no-style\" ><div id=\"pgc-6-0-0\"  class=\"panel-grid-cell\" ><div id=\"panel-6-0-0-0\" class=\"so-panel widget widget_black-studio-tinymce widget_black_studio_tinymce panel-first-child panel-last-child\" data-index=\"0\" ><div class=\"textwidget\"><p>Merhaba,<\/p>\n<p>Ki\u015fisel web siteme ho\u015f geldiniz. Psikolojik dan\u0131\u015fman ve Bili\u015fsel Davran\u0131\u015f\u00e7\u0131 Terapi alan\u0131nda, ABD'deki Academy of Cognitive and Behavioral Therapies taraf\u0131ndan sertifikaland\u0131r\u0131lm\u0131\u015f psikoterapistim. Ayr\u0131ca, European Association for Behavioral and Cognitive Therapies taraf\u0131ndan akredite edildim. Son zamanlarda terapi yakla\u015f\u0131m\u0131m olarak \u00f6zellikle Kabul ve Kararl\u0131l\u0131k Terapisine ilgi duymaya ba\u015flad\u0131m ve bu konuda \u00e7al\u0131\u015fmalar y\u00fcr\u00fctmekteyim. Burdur Mehmet Akif Ersoy \u00dcniversitesi'nde \u00f6\u011fretim \u00fcyesi olarak g\u00f6rev yapmaktay\u0131m. 2021 y\u0131l\u0131ndan bu yana, Melbourne \u00dcniversitesi b\u00fcnyesindeki The Centre for Wellbeing Science (CWS) kapsam\u0131nda \"Honorary Senior Fellow\" unvan\u0131 ile akademik \u00e7al\u0131\u015fmalar\u0131m\u0131 s\u00fcrd\u00fcr\u00fcyorum.<\/p>\n<p>\u00d6zetle, bazen bir e\u015f, bazen bir baba, bazen de bir akademisyen hayat\u0131n i\u00e7indeyiz.<\/p>\n<p><a class=\"read-more\" href=\"https:\/\/gokmenarslan.com.tr\/?page_id=28\">Devam\u0131n\u0131 oku<\/a><\/p>\n<\/div><\/div><\/div><div id=\"pgc-6-0-1\"  class=\"panel-grid-cell\" ><div id=\"panel-6-0-1-0\" class=\"so-panel widget widget_pw_featured_page widget-featured-page panel-first-child panel-last-child\" data-index=\"1\" >\n\n\t<div class=\"page-box  page-box--block\">\n\t\t<a class=\"page-box__picture\" href=\"https:\/\/gokmenarslan.com.tr\/?page_id=764\"><img loading=\"lazy\" decoding=\"async\" width=\"360\" height=\"240\" src=\"https:\/\/gokmenarslan.com.tr\/wp-content\/uploads\/2025\/03\/Online-consultation-with-psychologist-scaled-1-360x240.jpg\" class=\"attachment-pw-page-box size-pw-page-box wp-post-image\" alt=\"\" srcset=\"https:\/\/gokmenarslan.com.tr\/wp-content\/uploads\/2025\/03\/Online-consultation-with-psychologist-scaled-1-360x240.jpg 360w, https:\/\/gokmenarslan.com.tr\/wp-content\/uploads\/2025\/03\/Online-consultation-with-psychologist-scaled-1-300x200.jpg 300w, https:\/\/gokmenarslan.com.tr\/wp-content\/uploads\/2025\/03\/Online-consultation-with-psychologist-scaled-1-1024x683.jpg 1024w, https:\/\/gokmenarslan.com.tr\/wp-content\/uploads\/2025\/03\/Online-consultation-with-psychologist-scaled-1-768x512.jpg 768w, https:\/\/gokmenarslan.com.tr\/wp-content\/uploads\/2025\/03\/Online-consultation-with-psychologist-scaled-1-1536x1024.jpg 1536w, https:\/\/gokmenarslan.com.tr\/wp-content\/uploads\/2025\/03\/Online-consultation-with-psychologist-scaled-1-2048x1366.jpg 2048w\" sizes=\"auto, (max-width: 360px) 100vw, 360px\" \/><\/a>\n\t\t<div class=\"page-box__content\">\n\t\t\t<h5 class=\"page-box__title  text-uppercase\"><a href=\"https:\/\/gokmenarslan.com.tr\/?page_id=764\">Bili\u015fsel Davran\u0131\u015f\u00e7\u0131 Terapi<\/a><\/h5>\n\t\t\t<p>Bili\u015fsel Davran\u0131\u015f\u00e7\u0131 Terapi (BDT) psikoloji ve ruhsal rahats\u0131zl\u0131klar alan\u0131ndaki bilimsel ilkelere dayal\u0131 olarak psikoterapi s\u00fcrecini y\u00fcr\u00fcten bir yakla\u015f\u0131md\u0131r. Ruhsal sorunlar ile ba\u015f etmede yayg\u0131n olarak iki y\u00f6ntem kullan\u0131l\u0131r. &hellip;<\/p>\n\t\t\t\t<p><a href=\"https:\/\/gokmenarslan.com.tr\/?page_id=764\" class=\"read-more  read-more--page-box\">Read more<\/a><\/p>\n\t\t<\/div>\n\t<\/div>\n\n<\/div><\/div><\/div><div id=\"pg-6-1\"  class=\"panel-grid panel-no-style\" ><div id=\"pgc-6-1-0\"  class=\"panel-grid-cell\" ><div id=\"panel-6-1-0-0\" class=\"so-panel widget widget_pw_featured_page widget-featured-page panel-first-child panel-last-child\" data-index=\"2\" >\n\n\t<div class=\"page-box  page-box--inline\">\n\t\t<a class=\"page-box__picture\" href=\"https:\/\/gokmenarslan.com.tr\/?page_id=744\"><img loading=\"lazy\" decoding=\"async\" width=\"100\" height=\"70\" src=\"https:\/\/gokmenarslan.com.tr\/wp-content\/uploads\/2025\/03\/ACT-graphic--100x70.jpg\" class=\"attachment-pw-inline size-pw-inline wp-post-image\" alt=\"\" srcset=\"https:\/\/gokmenarslan.com.tr\/wp-content\/uploads\/2025\/03\/ACT-graphic--100x70.jpg 100w, https:\/\/gokmenarslan.com.tr\/wp-content\/uploads\/2025\/03\/ACT-graphic--270x190.jpg 270w\" sizes=\"auto, (max-width: 100px) 100vw, 100px\" \/><\/a>\n\t\t<div class=\"page-box__content\">\n\t\t\t<h5 class=\"page-box__title  text-uppercase\"><a href=\"https:\/\/gokmenarslan.com.tr\/?page_id=744\">Kabul ve Kararl\u0131l\u0131k Terapisi<\/a><\/h5>\n\t\t\t<p>\u0130nsan do\u011fas\u0131 karma\u015f\u0131kt\u0131r ve insan\u0131 sadece tek bir y\u00f6n\u00fc &hellip;<\/p>\n\t\t<\/div>\n\t<\/div>\n\n<\/div><\/div><div id=\"pgc-6-1-1\"  class=\"panel-grid-cell\" ><div id=\"panel-6-1-1-0\" class=\"so-panel widget widget_pw_featured_page widget-featured-page panel-first-child panel-last-child\" data-index=\"3\" >\n\n\t<div class=\"page-box  page-box--inline\">\n\t\t<a class=\"page-box__picture\" href=\"https:\/\/gokmenarslan.com.tr\/?page_id=752\"><img loading=\"lazy\" decoding=\"async\" width=\"100\" height=\"70\" src=\"https:\/\/gokmenarslan.com.tr\/wp-content\/uploads\/2025\/03\/top-view-composition-with-different-expressions_23-2148857200-100x70.jpg\" class=\"attachment-pw-inline size-pw-inline wp-post-image\" alt=\"\" srcset=\"https:\/\/gokmenarslan.com.tr\/wp-content\/uploads\/2025\/03\/top-view-composition-with-different-expressions_23-2148857200-100x70.jpg 100w, https:\/\/gokmenarslan.com.tr\/wp-content\/uploads\/2025\/03\/top-view-composition-with-different-expressions_23-2148857200-270x190.jpg 270w\" sizes=\"auto, (max-width: 100px) 100vw, 100px\" \/><\/a>\n\t\t<div class=\"page-box__content\">\n\t\t\t<h5 class=\"page-box__title  text-uppercase\"><a href=\"https:\/\/gokmenarslan.com.tr\/?page_id=752\">Pozitif Psikoterapi<\/a><\/h5>\n\t\t\t<p>Psikoterapi, \u00e7o\u011fu zaman, olumsuz duygular\u0131 veya istenmeyen &hellip;<\/p>\n\t\t<\/div>\n\t<\/div>\n\n<\/div><\/div><\/div><div id=\"pg-6-2\"  class=\"panel-grid panel-no-style\" ><div id=\"pgc-6-2-0\"  class=\"panel-grid-cell\" ><div id=\"panel-6-2-0-0\" class=\"so-panel widget widget_black-studio-tinymce widget_black_studio_tinymce panel-first-child panel-last-child\" data-index=\"4\" ><div class=\"panel-widget-style panel-widget-style-for-6-2-0-0\" ><div class=\"textwidget\"><\/div><\/div><\/div><\/div><\/div><div id=\"pg-6-3\"  class=\"panel-grid panel-no-style\" ><div id=\"pgc-6-3-0\"  class=\"panel-grid-cell\" ><div id=\"panel-6-3-0-0\" class=\"so-panel widget widget_pw_featured_page widget-featured-page panel-first-child panel-last-child\" data-index=\"5\" >\n\n\t<div class=\"page-box  page-box--block\">\n\t\t<a class=\"page-box__picture\" href=\"https:\/\/gokmenarslan.com.tr\/?page_id=1531\"><img loading=\"lazy\" decoding=\"async\" width=\"360\" height=\"240\" src=\"https:\/\/gokmenarslan.com.tr\/wp-content\/uploads\/2025\/03\/close-up-sad-people-therapy-360x240.jpg\" class=\"attachment-pw-page-box size-pw-page-box wp-post-image\" alt=\"\" \/><\/a>\n\t\t<div class=\"page-box__content\">\n\t\t\t<h5 class=\"page-box__title  text-uppercase\"><a href=\"https:\/\/gokmenarslan.com.tr\/?page_id=1531\">Bireysel Terapi<\/a><\/h5>\n\t\t\t<p>Bireysel terapi, ki\u015finin kendini ke\u015ffetmesi, duygusal zorluklarla ba\u015fa \u00e7\u0131kmas\u0131 ve ya\u015fam kalitesini art\u0131rmas\u0131 i\u00e7in birebir y\u00fcr\u00fct\u00fclen bir terapi s\u00fcrecidir. Depresyon, anksiyete, stres, travma, \u00f6fke kontrol\u00fc, \u00f6zg\u00fcven eksikli\u011fi &hellip;<\/p>\n\t\t\t\t<p><a href=\"https:\/\/gokmenarslan.com.tr\/?page_id=1531\" class=\"read-more  read-more--page-box\">Read more<\/a><\/p>\n\t\t<\/div>\n\t<\/div>\n\n<\/div><\/div><div id=\"pgc-6-3-1\"  class=\"panel-grid-cell\" ><div id=\"panel-6-3-1-0\" class=\"so-panel widget widget_pw_featured_page widget-featured-page panel-first-child panel-last-child\" data-index=\"6\" >\n\n\t<div class=\"page-box  page-box--block\">\n\t\t<a class=\"page-box__picture\" href=\"https:\/\/gokmenarslan.com.tr\/?page_id=1534\"><img loading=\"lazy\" decoding=\"async\" width=\"360\" height=\"240\" src=\"https:\/\/gokmenarslan.com.tr\/wp-content\/uploads\/2025\/03\/parents-daughter-praying-together-360x240.jpg\" class=\"attachment-pw-page-box size-pw-page-box wp-post-image\" alt=\"\" srcset=\"https:\/\/gokmenarslan.com.tr\/wp-content\/uploads\/2025\/03\/parents-daughter-praying-together-360x240.jpg 360w, https:\/\/gokmenarslan.com.tr\/wp-content\/uploads\/2025\/03\/parents-daughter-praying-together-300x200.jpg 300w, https:\/\/gokmenarslan.com.tr\/wp-content\/uploads\/2025\/03\/parents-daughter-praying-together-1024x684.jpg 1024w, https:\/\/gokmenarslan.com.tr\/wp-content\/uploads\/2025\/03\/parents-daughter-praying-together-768x513.jpg 768w, https:\/\/gokmenarslan.com.tr\/wp-content\/uploads\/2025\/03\/parents-daughter-praying-together-1536x1025.jpg 1536w, https:\/\/gokmenarslan.com.tr\/wp-content\/uploads\/2025\/03\/parents-daughter-praying-together-2048x1367.jpg 2048w\" sizes=\"auto, (max-width: 360px) 100vw, 360px\" \/><\/a>\n\t\t<div class=\"page-box__content\">\n\t\t\t<h5 class=\"page-box__title  text-uppercase\"><a href=\"https:\/\/gokmenarslan.com.tr\/?page_id=1534\">\u00c7ift ve Aile Terapisi<\/a><\/h5>\n\t\t\t<p>\u00c7ift ve aile terapisi, ili\u015fkilerde ya\u015fanan sorunlar\u0131 anlamak, sa\u011fl\u0131kl\u0131 ileti\u015fim becerileri geli\u015ftirmek ve ba\u011flar\u0131 g\u00fc\u00e7lendirmek i\u00e7in kullan\u0131lan bir terapi y\u00f6ntemidir. \u00c7ift terapisi, ili\u015fkide g\u00fcven, ba\u011fl\u0131l\u0131k, \u00e7at\u0131\u015fma y\u00f6netimi, &hellip;<\/p>\n\t\t\t\t<p><a href=\"https:\/\/gokmenarslan.com.tr\/?page_id=1534\" class=\"read-more  read-more--page-box\">Read more<\/a><\/p>\n\t\t<\/div>\n\t<\/div>\n\n<\/div><\/div><div id=\"pgc-6-3-2\"  class=\"panel-grid-cell\" ><div id=\"panel-6-3-2-0\" class=\"so-panel widget widget_pw_featured_page widget-featured-page panel-first-child panel-last-child\" data-index=\"7\" >\n\n\t<div class=\"page-box  page-box--block\">\n\t\t<a class=\"page-box__picture\" href=\"https:\/\/gokmenarslan.com.tr\/?page_id=1536\"><img loading=\"lazy\" decoding=\"async\" width=\"360\" height=\"240\" src=\"https:\/\/gokmenarslan.com.tr\/wp-content\/uploads\/2025\/03\/diverse-people-sit-in-circle-and-brainstorm-ideas-1163038341-c0805b192d7f42a4b82fbf93b1b97d4e-360x240.jpg\" class=\"attachment-pw-page-box size-pw-page-box wp-post-image\" alt=\"\" srcset=\"https:\/\/gokmenarslan.com.tr\/wp-content\/uploads\/2025\/03\/diverse-people-sit-in-circle-and-brainstorm-ideas-1163038341-c0805b192d7f42a4b82fbf93b1b97d4e-360x240.jpg 360w, https:\/\/gokmenarslan.com.tr\/wp-content\/uploads\/2025\/03\/diverse-people-sit-in-circle-and-brainstorm-ideas-1163038341-c0805b192d7f42a4b82fbf93b1b97d4e-300x200.jpg 300w, https:\/\/gokmenarslan.com.tr\/wp-content\/uploads\/2025\/03\/diverse-people-sit-in-circle-and-brainstorm-ideas-1163038341-c0805b192d7f42a4b82fbf93b1b97d4e-272x182.jpg 272w, https:\/\/gokmenarslan.com.tr\/wp-content\/uploads\/2025\/03\/diverse-people-sit-in-circle-and-brainstorm-ideas-1163038341-c0805b192d7f42a4b82fbf93b1b97d4e-720x480.jpg 720w, https:\/\/gokmenarslan.com.tr\/wp-content\/uploads\/2025\/03\/diverse-people-sit-in-circle-and-brainstorm-ideas-1163038341-c0805b192d7f42a4b82fbf93b1b97d4e.jpg 750w\" sizes=\"auto, (max-width: 360px) 100vw, 360px\" \/><\/a>\n\t\t<div class=\"page-box__content\">\n\t\t\t<h5 class=\"page-box__title  text-uppercase\"><a href=\"https:\/\/gokmenarslan.com.tr\/?page_id=1536\">Grup Terapisi<\/a><\/h5>\n\t\t\t<p>Grup terapisi, benzer zorluklar\u0131 ya\u015fayan bireylerin bir araya gelerek destekleyici bir ortamda deneyimlerini payla\u015fmalar\u0131na olanak tan\u0131yan bir terapi y\u00f6ntemidir. Grup terapisi, bireylerin yaln\u0131z olmad\u0131klar\u0131n\u0131 hissetmelerini sa\u011flar, &hellip;<\/p>\n\t\t\t\t<p><a href=\"https:\/\/gokmenarslan.com.tr\/?page_id=1536\" class=\"read-more  read-more--page-box\">Read more<\/a><\/p>\n\t\t<\/div>\n\t<\/div>\n\n<\/div><\/div><\/div><div id=\"pg-6-4\"  class=\"panel-grid panel-no-style\" ><div id=\"pgc-6-4-0\"  class=\"panel-grid-cell\" ><div id=\"panel-6-4-0-0\" class=\"so-panel widget widget_black-studio-tinymce widget_black_studio_tinymce panel-first-child panel-last-child\" data-index=\"8\" ><div class=\"panel-widget-style panel-widget-style-for-6-4-0-0\" ><h3 class=\"widget-title\">Okuma K\u00f6\u015fesi<\/h3><div class=\"textwidget\"><\/div><\/div><\/div><\/div><\/div><div id=\"pg-6-5\"  class=\"panel-grid panel-no-style\" ><div id=\"pgc-6-5-0\"  class=\"panel-grid-cell\" ><div id=\"panel-6-5-0-0\" class=\"so-panel widget widget_black-studio-tinymce widget_black_studio_tinymce panel-first-child panel-last-child\" data-index=\"9\" ><div class=\"panel-widget-style panel-widget-style-for-6-5-0-0\" ><div class=\"textwidget\"><p><img loading=\"lazy\" decoding=\"async\" class=\"size-medium wp-image-1453 aligncenter\" src=\"https:\/\/gokmenarslan.com.tr\/wp-content\/uploads\/2025\/03\/61SPQtATgL._SL1246_-199x300.jpg\" alt=\"\" width=\"199\" height=\"300\" srcset=\"https:\/\/gokmenarslan.com.tr\/wp-content\/uploads\/2025\/03\/61SPQtATgL._SL1246_-199x300.jpg 199w, https:\/\/gokmenarslan.com.tr\/wp-content\/uploads\/2025\/03\/61SPQtATgL._SL1246_-680x1024.jpg 680w, https:\/\/gokmenarslan.com.tr\/wp-content\/uploads\/2025\/03\/61SPQtATgL._SL1246_-768x1157.jpg 768w, https:\/\/gokmenarslan.com.tr\/wp-content\/uploads\/2025\/03\/61SPQtATgL._SL1246_.jpg 827w\" sizes=\"auto, (max-width: 199px) 100vw, 199px\" \/><\/p>\n<\/div><\/div><\/div><\/div><div id=\"pgc-6-5-1\"  class=\"panel-grid-cell\" ><div id=\"panel-6-5-1-0\" class=\"so-panel widget widget_black-studio-tinymce widget_black_studio_tinymce panel-first-child panel-last-child\" data-index=\"10\" ><div class=\"panel-widget-style panel-widget-style-for-6-5-1-0\" ><div class=\"textwidget\"><p><a href=\"https:\/\/www.tinkitap.com\/ben-caginin-cikmazi\" target=\"_blank\" rel=\"noopener\"><img loading=\"lazy\" decoding=\"async\" class=\"wp-image-1671 size-medium aligncenter\" src=\"https:\/\/gokmenarslan.com.tr\/wp-content\/uploads\/2025\/11\/ben-caginin-cikmazi-tum-kitaplar-gokmen-arslan-136-54-B-188x300.jpg\" alt=\"\" width=\"188\" height=\"300\" srcset=\"https:\/\/gokmenarslan.com.tr\/wp-content\/uploads\/2025\/11\/ben-caginin-cikmazi-tum-kitaplar-gokmen-arslan-136-54-B-188x300.jpg 188w, https:\/\/gokmenarslan.com.tr\/wp-content\/uploads\/2025\/11\/ben-caginin-cikmazi-tum-kitaplar-gokmen-arslan-136-54-B-642x1024.jpg 642w, https:\/\/gokmenarslan.com.tr\/wp-content\/uploads\/2025\/11\/ben-caginin-cikmazi-tum-kitaplar-gokmen-arslan-136-54-B-768x1226.jpg 768w, https:\/\/gokmenarslan.com.tr\/wp-content\/uploads\/2025\/11\/ben-caginin-cikmazi-tum-kitaplar-gokmen-arslan-136-54-B-963x1536.jpg 963w, https:\/\/gokmenarslan.com.tr\/wp-content\/uploads\/2025\/11\/ben-caginin-cikmazi-tum-kitaplar-gokmen-arslan-136-54-B-1283x2048.jpg 1283w, https:\/\/gokmenarslan.com.tr\/wp-content\/uploads\/2025\/11\/ben-caginin-cikmazi-tum-kitaplar-gokmen-arslan-136-54-B-scaled.jpg 1604w\" sizes=\"auto, (max-width: 188px) 100vw, 188px\" \/><\/a><\/p>\n<\/div><\/div><\/div><\/div><div id=\"pgc-6-5-2\"  class=\"panel-grid-cell\" ><div id=\"panel-6-5-2-0\" class=\"so-panel widget widget_black-studio-tinymce widget_black_studio_tinymce panel-first-child panel-last-child\" data-index=\"11\" ><div class=\"panel-widget-style panel-widget-style-for-6-5-2-0\" ><div class=\"textwidget\"><p><img loading=\"lazy\" decoding=\"async\" class=\"alignnone size-medium wp-image-1622 aligncenter\" src=\"https:\/\/gokmenarslan.com.tr\/wp-content\/uploads\/2025\/09\/978-3-032-06580-3-199x300.webp\" alt=\"\" width=\"199\" height=\"300\" srcset=\"https:\/\/gokmenarslan.com.tr\/wp-content\/uploads\/2025\/09\/978-3-032-06580-3-199x300.webp 199w, https:\/\/gokmenarslan.com.tr\/wp-content\/uploads\/2025\/09\/978-3-032-06580-3-680x1024.webp 680w, https:\/\/gokmenarslan.com.tr\/wp-content\/uploads\/2025\/09\/978-3-032-06580-3-768x1157.webp 768w, https:\/\/gokmenarslan.com.tr\/wp-content\/uploads\/2025\/09\/978-3-032-06580-3.webp 827w\" sizes=\"auto, (max-width: 199px) 100vw, 199px\" \/><\/p>\n<\/div><\/div><\/div><\/div><\/div><div id=\"pg-6-6\"  class=\"panel-grid panel-has-style\" ><div class=\"panel-row-style panel-row-style-for-6-6\" ><div id=\"pgc-6-6-0\"  class=\"panel-grid-cell\" ><div id=\"panel-6-6-0-0\" class=\"so-panel widget widget_pw_testimonials widget-testimonials panel-first-child panel-last-child\" data-index=\"12\" >\n\n\t<div class=\"testimonial\">\n\t\t\t<a class=\"testimonial__carousel  testimonial__carousel--left\" href=\"#carousel-testimonials-widget-6-0-0\" data-slide=\"prev\"><i class=\"fa  fa-chevron-left\" aria-hidden=\"true\"><\/i><span class=\"sr-only\" role=\"button\">Next<\/span><\/a>\n\n\t\t<h2 class=\"widget-title\"><\/h2>\n\n\t\t\t<a class=\"testimonial__carousel  testimonial__carousel--right\" href=\"#carousel-testimonials-widget-6-0-0\" data-slide=\"next\"><i class=\"fa  fa-chevron-right\" aria-hidden=\"true\"><\/i><span class=\"sr-only\" role=\"button\">Previous<\/span><\/a>\n\n\t\t<div id=\"carousel-testimonials-widget-6-0-0\" class=\"carousel slide\" data-ride=\"carousel\" data-interval=\"false\">\n\t\t\t<!-- Wrapper for slides -->\n\t\t\t<div class=\"carousel-inner\" role=\"listbox\">\n\t\t\t\t<div class=\"item active\">\n\t\t\t\t\t<div class=\"row\">\n\t\t\t\t\t\t\t\n\t\t\t\t\t\t\t<div class=\"col-xs-12  col-sm-12\">\n\t\t\t\t\t\t\t\t<blockquote>\n\t\t\t\t\t\t\t\t\t<p class=\"testimonial__quote\">\n\t\t\t\t\t\t\t\t\t\t\u00dcz\u00fclme! \u00c7\u00fcnk\u00fc y\u0430r\u0430d\u0430n umudu en \u00e7\u0430resiz \u0430nl\u0430rd\u0430 yoll\u0430r. Unutm\u0430! Y\u0430\u011fmurun en \u015fiddetlisi en k\u0430r\u0430 bulutl\u0430rd\u0430n \u00e7\u0131k\u0430r.\n\t\t\t\t\t\t\t\t\t<\/p>\n\t\t\t\t\t\t\t\t\t<cite class=\"testimonial__author\">\n\t\t\t\t\t\t\t\t\t\tHz. Mevlana\n\t\t\t\t\t\t\t\t\t<\/cite>\n\n\n\t\t\t\t\t\t\t\t<\/blockquote>\n\t\t\t\t\t\t\t<\/div>\n\t\t\t\t\t\t\t<\/div><\/div> <div class=\"item\"><div class=\"row\">\n\t\t\t\t\t\t\t<div class=\"col-xs-12  col-sm-12\">\n\t\t\t\t\t\t\t\t<blockquote>\n\t\t\t\t\t\t\t\t\t<p class=\"testimonial__quote\">\n\t\t\t\t\t\t\t\t\t\t\u0130nsanlar genellikle kafalar\u0131na koyduklar\u0131 kadar mutlu olurlar.\n\t\t\t\t\t\t\t\t\t<\/p>\n\t\t\t\t\t\t\t\t\t<cite class=\"testimonial__author\">\n\t\t\t\t\t\t\t\t\t\tAbraham Lincoln\n\t\t\t\t\t\t\t\t\t<\/cite>\n\n\n\t\t\t\t\t\t\t\t<\/blockquote>\n\t\t\t\t\t\t\t<\/div>\n\t\t\t\t\t<\/div>\n\t\t\t\t<\/div>\n\t\t\t<\/div>\n\t\t<\/div>\n\t<\/div>\n\n<\/div><\/div><\/div><\/div><div id=\"pg-6-7\"  class=\"panel-grid panel-no-style\" ><div id=\"pgc-6-7-0\"  class=\"panel-grid-cell\" ><div id=\"panel-6-7-0-0\" class=\"so-panel widget widget_black-studio-tinymce widget_black_studio_tinymce panel-first-child panel-last-child\" data-index=\"13\" ><div class=\"panel-widget-style panel-widget-style-for-6-7-0-0\" ><h3 class=\"widget-title\">G\u00fcncel Yaz\u0131lar<\/h3><div class=\"textwidget\"><\/div><\/div><\/div><\/div><\/div><\/div>","protected":false},"excerpt":{"rendered":"<p>Merhaba, Ki\u015fisel web siteme ho\u015f geldiniz. Psikolojik dan\u0131\u015fman ve Bili\u015fsel Davran\u0131\u015f\u00e7\u0131 Terapi alan\u0131nda, ABD&#8217;deki Academy of Cognitive and Behavioral Therapies taraf\u0131ndan sertifikaland\u0131r\u0131lm\u0131\u015f psikoterapistim. Ayr\u0131ca, European Association for Behavioral and Cognitive Therapies taraf\u0131ndan akredite edildim. Son zamanlarda terapi yakla\u015f\u0131m\u0131m olarak \u00f6zellikle Kabul ve Kararl\u0131l\u0131k Terapisine ilgi duymaya ba\u015flad\u0131m ve bu konuda \u00e7al\u0131\u015fmalar y\u00fcr\u00fctmekteyim. Burdur Mehmet Akif &hellip;<\/p>\n","protected":false},"author":1,"featured_media":0,"parent":0,"menu_order":0,"comment_status":"closed","ping_status":"closed","template":"template-front-page-with-slider.php","meta":{"_acf_changed":false,"footnotes":""},"class_list":["post-6","page","type-page","status-publish","hentry"],"acf":[],"_links":{"self":[{"href":"https:\/\/gokmenarslan.com.tr\/index.php?rest_route=\/wp\/v2\/pages\/6","targetHints":{"allow":["GET"]}}],"collection":[{"href":"https:\/\/gokmenarslan.com.tr\/index.php?rest_route=\/wp\/v2\/pages"}],"about":[{"href":"https:\/\/gokmenarslan.com.tr\/index.php?rest_route=\/wp\/v2\/types\/page"}],"author":[{"embeddable":true,"href":"https:\/\/gokmenarslan.com.tr\/index.php?rest_route=\/wp\/v2\/users\/1"}],"replies":[{"embeddable":true,"href":"https:\/\/gokmenarslan.com.tr\/index.php?rest_route=%2Fwp%2Fv2%2Fcomments&post=6"}],"version-history":[{"count":49,"href":"https:\/\/gokmenarslan.com.tr\/index.php?rest_route=\/wp\/v2\/pages\/6\/revisions"}],"predecessor-version":[{"id":1702,"href":"https:\/\/gokmenarslan.com.tr\/index.php?rest_route=\/wp\/v2\/pages\/6\/revisions\/1702"}],"wp:attachment":[{"href":"https:\/\/gokmenarslan.com.tr\/index.php?rest_route=%2Fwp%2Fv2%2Fmedia&parent=6"}],"curies":[{"name":"wp","href":"https:\/\/api.w.org\/{rel}","templated":true}]}}