{"id":28,"date":"2015-02-18T14:53:02","date_gmt":"2015-02-18T14:53:02","guid":{"rendered":"https:\/\/xml-io.proteusthemes.com\/mentalpress\/?page_id=28"},"modified":"2025-09-30T17:37:50","modified_gmt":"2025-09-30T17:37:50","slug":"about-me","status":"publish","type":"page","link":"https:\/\/gokmenarslan.com.tr\/?page_id=28","title":{"rendered":"Bana dair birka\u00e7 c\u00fcmle&#8230;"},"content":{"rendered":"<div id=\"pl-28\"  class=\"panel-layout\" ><div id=\"pg-28-0\"  class=\"panel-grid panel-no-style\" ><div id=\"pgc-28-0-0\"  class=\"panel-grid-cell\" ><div id=\"panel-28-0-0-0\" class=\"so-panel widget widget_text panel-first-child panel-last-child\" data-index=\"0\" >\t\t\t<div class=\"textwidget\"><div id=\"pl-28\" class=\"panel-layout\">\n<div id=\"pg-28-0\" class=\"panel-grid panel-no-style\" data-style=\"{&quot;background_image_attachment&quot;:false,&quot;background_display&quot;:&quot;tile&quot;,&quot;background_image_size&quot;:&quot;full&quot;,&quot;background_image_opacity&quot;:&quot;100&quot;,&quot;border_thickness&quot;:&quot;1px&quot;,&quot;full_height&quot;:&quot;&quot;,&quot;cell_alignment&quot;:&quot;flex-start&quot;}\">\n<div id=\"pgc-28-0-0\" class=\"panel-grid-cell\" data-weight=\"1\">\n<div id=\"panel-28-0-0-0\" class=\"so-panel widget widget_text panel-first-child panel-last-child\" data-index=\"0\" data-style=\"{&quot;background_image_attachment&quot;:false,&quot;background_display&quot;:&quot;tile&quot;,&quot;background_image_size&quot;:&quot;full&quot;,&quot;background_image_opacity&quot;:&quot;100&quot;,&quot;border_thickness&quot;:&quot;1px&quot;}\">\n<div class=\"textwidget\">\n<p data-start=\"0\" data-end=\"271\">Merhaba,<\/p>\n<p data-start=\"0\" data-end=\"271\">Ben G\u00f6kmen Arslan. Ki\u015fisel web siteme ho\u015f geldiniz. A\u011fr\u0131\u2019n\u0131n Tutak il\u00e7esine ba\u011fl\u0131 bir k\u00f6yde, Ramazan Bayram\u0131 \u00f6ncesi yaz mevsiminde d\u00fcnyaya geldim. Annem, do\u011fumumun \u201c<em>ekinler bi\u00e7ilirken<\/em>\u201d oldu\u011funu anlat\u0131r; bu nedenle, do\u011fum tarihim hala biraz mistik bir hava ta\u015f\u0131r.<\/p>\n<p data-start=\"273\" data-end=\"755\">E\u011fitim hayat\u0131ma Daldal\u0131k \u0130lkokulu\u2019nda ba\u015flad\u0131m. Ortaokulu Tutak \u0130mam Hatip Ortaokulu\u2019nda, liseyi ise Tutak \u00c7ok Programl\u0131 Lisesi\u2019nde tamamlad\u0131m. Lise y\u0131llar\u0131nda \u00fcniversiteye gitmeye karar verdim, fakat \u00fcniversitenin ne oldu\u011fu hakk\u0131nda pek fikrim yoktu. Buna ra\u011fmen, okumak bana mant\u0131kl\u0131 geldi ve azimle \u00e7al\u0131\u015ft\u0131m. 2002 y\u0131l\u0131nda Ege \u00dcniversitesi Psikolojik Dan\u0131\u015fmanl\u0131k ve Rehberlik B\u00f6l\u00fcm\u00fc\u2019n\u00fc kazand\u0131m. B\u00f6l\u00fcm\u00fcn ad\u0131n\u0131 be\u011fendi\u011fim i\u00e7in se\u00e7mi\u015ftim ve be\u015f y\u0131ll\u0131k e\u011fitimin ard\u0131ndan mezun oldum.<\/p>\n<p data-start=\"757\" data-end=\"1134\">Mezuniyet sonras\u0131 memleketime d\u00f6nerek A\u011fr\u0131\u2019da bir il\u00e7eye atand\u0131m. Ancak, atanm\u0131\u015f oldu\u011fum okul ruhen var ama fiziken yoktu; y\u0131llar \u00f6nce yanm\u0131\u015f bir okulun \u00f6\u011fretmeni olmu\u015ftum. Bu karma\u015f\u0131k durum uzun u\u011fra\u015flar gerektirdi ve sonunda beni \u00f6\u011fretmenlikten uzakla\u015ft\u0131r\u0131p \u00f6zel sekt\u00f6rde \u00e7al\u0131\u015fmaya y\u00f6nlendirmi\u015fti. 2009 y\u0131l\u0131na kadar farkl\u0131 \u015fehirlerde i\u015f deneyimleri kazand\u0131m ve projelerde yer ald\u0131m.<\/p>\n<p data-start=\"1136\" data-end=\"1497\">Sonras\u0131nda Denizli\u2019nin Kale il\u00e7esinde Kale \u00c7ok Programl\u0131 Lisesi\u2019nde psikolojik dan\u0131\u015fman olarak yeniden \u00f6\u011fretmenlik hayat\u0131na d\u00f6nd\u00fcm. Bu d\u00f6nemde kaymakaml\u0131k b\u00fcnyesinde \u00e7e\u015fitli projelerde \u00e7al\u0131\u015ft\u0131m ve \u00f6\u011frencilerimle unutulmaz deneyimler ya\u015fad\u0131m. Daha sonra Isparta \u0130mam Hatip Lisesi\u2019nde \u00f6\u011fretmenli\u011fe devam ettim. Ancak \u00f6\u011fretmenlik ser\u00fcvenim, 2013 y\u0131l\u0131nda sona erdi.<\/p>\n<p data-start=\"1499\" data-end=\"1888\">Akademik yolculu\u011fum ise Pamukkale \u00dcniversitesi\u2019nde ba\u015flad\u0131\u011f\u0131m y\u00fcksek lisans e\u011fitimiyle devam etti. 2015 y\u0131l\u0131nda Dokuz Eyl\u00fcl \u00dcniversitesi Psikolojik Dan\u0131\u015fmanl\u0131k ve Rehberlik Anabilim Dal\u0131\u2019nda doktora derecesi ald\u0131m. S\u00fcleyman Demirel \u00dcniversitesi\u2019nde ba\u015flayan akademik hayat\u0131m, 2019 y\u0131l\u0131nda Mehmet Akif Ersoy \u00dcniversitesi\u2019ne ge\u00e7memle s\u00fcrd\u00fc ve 2020 y\u0131l\u0131nda do\u00e7ent, 2025 y\u0131l\u0131nda ise profes\u00f6r unvan\u0131n\u0131 ald\u0131m.<\/p>\n<p data-start=\"1890\" data-end=\"2328\">2019-2021 y\u0131llar\u0131 aras\u0131nda International Network on Personal Meaning b\u00fcnyesinde Dr. Paul T. P. Wong ile ikinci dalga pozitif psikoloji \u00fczerine \u00e7al\u0131\u015fmalar yapt\u0131m. 2021 y\u0131l\u0131ndan itibaren, Melbourne \u00dcniversitesi\u2019nde bulunan The Centre for Wellbeing Science (CWS) b\u00fcnyesinde \u201cHonorary Senior Fellow\u201d pozisyonunda g\u00f6rev yap\u0131yorum. Ayn\u0131 zamanda Burdur Mehmet Akif Ersoy \u00dcniversitesi\u2019nde \u00f6\u011fretim \u00fcyesi olarak akademik \u00e7al\u0131\u015fmalar\u0131m\u0131 s\u00fcrd\u00fcr\u00fcyorum.<\/p>\n<p data-start=\"2330\" data-end=\"2413\">Hayat\u0131m\u0131, sevgili e\u015fim ve d\u00fcnyalar tatl\u0131s\u0131 iki \u00e7ocu\u011fumla payla\u015fmaya devam ediyorum.<\/p>\n<\/div>\n<\/div>\n<\/div>\n<\/div>\n<\/div>\n<\/div>\n\t\t<\/div><\/div><\/div><\/div>","protected":false},"excerpt":{"rendered":"<p>Merhaba, Ben G\u00f6kmen Arslan. Ki\u015fisel web siteme ho\u015f geldiniz. A\u011fr\u0131\u2019n\u0131n Tutak il\u00e7esine ba\u011fl\u0131 bir k\u00f6yde, Ramazan Bayram\u0131 \u00f6ncesi yaz mevsiminde d\u00fcnyaya geldim. Annem, do\u011fumumun \u201cekinler bi\u00e7ilirken\u201d oldu\u011funu anlat\u0131r; bu nedenle, do\u011fum tarihim hala biraz mistik bir hava ta\u015f\u0131r. E\u011fitim hayat\u0131ma Daldal\u0131k \u0130lkokulu\u2019nda ba\u015flad\u0131m. Ortaokulu Tutak \u0130mam Hatip Ortaokulu\u2019nda, liseyi ise Tutak \u00c7ok Programl\u0131 Lisesi\u2019nde tamamlad\u0131m. &hellip;<\/p>\n","protected":false},"author":1,"featured_media":0,"parent":0,"menu_order":0,"comment_status":"closed","ping_status":"closed","template":"","meta":{"_acf_changed":false,"footnotes":""},"class_list":["post-28","page","type-page","status-publish","hentry"],"acf":[],"_links":{"self":[{"href":"https:\/\/gokmenarslan.com.tr\/index.php?rest_route=\/wp\/v2\/pages\/28","targetHints":{"allow":["GET"]}}],"collection":[{"href":"https:\/\/gokmenarslan.com.tr\/index.php?rest_route=\/wp\/v2\/pages"}],"about":[{"href":"https:\/\/gokmenarslan.com.tr\/index.php?rest_route=\/wp\/v2\/types\/page"}],"author":[{"embeddable":true,"href":"https:\/\/gokmenarslan.com.tr\/index.php?rest_route=\/wp\/v2\/users\/1"}],"replies":[{"embeddable":true,"href":"https:\/\/gokmenarslan.com.tr\/index.php?rest_route=%2Fwp%2Fv2%2Fcomments&post=28"}],"version-history":[{"count":16,"href":"https:\/\/gokmenarslan.com.tr\/index.php?rest_route=\/wp\/v2\/pages\/28\/revisions"}],"predecessor-version":[{"id":1632,"href":"https:\/\/gokmenarslan.com.tr\/index.php?rest_route=\/wp\/v2\/pages\/28\/revisions\/1632"}],"wp:attachment":[{"href":"https:\/\/gokmenarslan.com.tr\/index.php?rest_route=%2Fwp%2Fv2%2Fmedia&parent=28"}],"curies":[{"name":"wp","href":"https:\/\/api.w.org\/{rel}","templated":true}]}}