{"id":1536,"date":"2025-03-18T15:36:40","date_gmt":"2025-03-18T15:36:40","guid":{"rendered":"https:\/\/gokmenarslan.com.tr\/?page_id=1536"},"modified":"2025-03-18T15:41:32","modified_gmt":"2025-03-18T15:41:32","slug":"grup-terapisi","status":"publish","type":"page","link":"https:\/\/gokmenarslan.com.tr\/?page_id=1536","title":{"rendered":"Grup Terapisi"},"content":{"rendered":"<p data-pm-slice=\"1 1 []\">Grup terapisi, benzer zorluklar\u0131 ya\u015fayan bireylerin bir araya gelerek destekleyici bir ortamda deneyimlerini payla\u015fmalar\u0131na olanak tan\u0131yan bir terapi y\u00f6ntemidir. Grup terapisi, bireylerin yaln\u0131z olmad\u0131klar\u0131n\u0131 hissetmelerini sa\u011flar, empati ve sosyal <img loading=\"lazy\" decoding=\"async\" class=\"size-medium wp-image-1537 alignleft\" src=\"https:\/\/gokmenarslan.com.tr\/wp-content\/uploads\/2025\/03\/diverse-people-sit-in-circle-and-brainstorm-ideas-1163038341-c0805b192d7f42a4b82fbf93b1b97d4e-300x200.jpg\" alt=\"\" width=\"300\" height=\"200\" srcset=\"https:\/\/gokmenarslan.com.tr\/wp-content\/uploads\/2025\/03\/diverse-people-sit-in-circle-and-brainstorm-ideas-1163038341-c0805b192d7f42a4b82fbf93b1b97d4e-300x200.jpg 300w, https:\/\/gokmenarslan.com.tr\/wp-content\/uploads\/2025\/03\/diverse-people-sit-in-circle-and-brainstorm-ideas-1163038341-c0805b192d7f42a4b82fbf93b1b97d4e-360x240.jpg 360w, https:\/\/gokmenarslan.com.tr\/wp-content\/uploads\/2025\/03\/diverse-people-sit-in-circle-and-brainstorm-ideas-1163038341-c0805b192d7f42a4b82fbf93b1b97d4e-272x182.jpg 272w, https:\/\/gokmenarslan.com.tr\/wp-content\/uploads\/2025\/03\/diverse-people-sit-in-circle-and-brainstorm-ideas-1163038341-c0805b192d7f42a4b82fbf93b1b97d4e-720x480.jpg 720w, https:\/\/gokmenarslan.com.tr\/wp-content\/uploads\/2025\/03\/diverse-people-sit-in-circle-and-brainstorm-ideas-1163038341-c0805b192d7f42a4b82fbf93b1b97d4e.jpg 750w\" sizes=\"auto, (max-width: 300px) 100vw, 300px\" \/>destek mekanizmalar\u0131n\u0131 g\u00fc\u00e7lendirir.<\/p>\n<p data-pm-slice=\"1 1 []\">Kayg\u0131, depresyon, stres y\u00f6netimi, ki\u015fileraras\u0131 ili\u015fkiler, \u00f6z-de\u011fer ve kendini kabul gibi konular grup terapilerinde ele al\u0131nan temel ba\u015fl\u0131klard\u0131r. Bireyler, benzer deneyimleri olan di\u011fer ki\u015filerle bir araya gelerek kendilerini ifade etme, ba\u015fkalar\u0131ndan \u00f6\u011frenme ve kar\u015f\u0131l\u0131kl\u0131 destek alma f\u0131rsat\u0131 bulurlar.<\/p>\n<p>Grup terapisi s\u00fcreci, g\u00fcvenli ve gizlili\u011fe dayal\u0131 bir ortamda ger\u00e7ekle\u015ftirilir. Grup \u00fcyeleri, terapi s\u00fcrecinde birbirlerinden \u00f6\u011frenerek kendi duygu ve d\u00fc\u015f\u00fcncelerini daha iyi anlama f\u0131rsat\u0131 yakalar. \u00d6zellikle sosyal kayg\u0131, ili\u015fki problemleri ve travmatik deneyimlerle ba\u015fa \u00e7\u0131kmak isteyen bireyler i\u00e7in grup terapisi olduk\u00e7a etkili bir y\u00f6ntemdir. Grup i\u00e7indeki etkile\u015fimler sayesinde bireyler, kendi i\u00e7sel d\u00fcnyalar\u0131n\u0131 ke\u015ffederken, yeni bak\u0131\u015f a\u00e7\u0131lar\u0131 geli\u015ftirme ve ki\u015fisel fark\u0131ndal\u0131klar\u0131n\u0131 art\u0131rma imk\u00e2n\u0131 bulurlar. E\u011fer siz de sosyal destek mekanizman\u0131z\u0131 g\u00fc\u00e7lendirmek ve kendinizi daha iyi anlamak istiyorsan\u0131z, grup terapisi sizin i\u00e7in uygun bir se\u00e7enek olabilir.<\/p>\n","protected":false},"excerpt":{"rendered":"<p>Grup terapisi, benzer zorluklar\u0131 ya\u015fayan bireylerin bir araya gelerek destekleyici bir ortamda deneyimlerini payla\u015fmalar\u0131na olanak tan\u0131yan bir terapi y\u00f6ntemidir. Grup terapisi, bireylerin yaln\u0131z olmad\u0131klar\u0131n\u0131 hissetmelerini sa\u011flar, empati ve sosyal destek mekanizmalar\u0131n\u0131 g\u00fc\u00e7lendirir. Kayg\u0131, depresyon, stres y\u00f6netimi, ki\u015fileraras\u0131 ili\u015fkiler, \u00f6z-de\u011fer ve kendini kabul gibi konular grup terapilerinde ele al\u0131nan temel ba\u015fl\u0131klard\u0131r. Bireyler, benzer deneyimleri olan di\u011fer &hellip;<\/p>\n","protected":false},"author":1,"featured_media":1537,"parent":0,"menu_order":0,"comment_status":"closed","ping_status":"closed","template":"","meta":{"_acf_changed":false,"footnotes":""},"class_list":["post-1536","page","type-page","status-publish","has-post-thumbnail","hentry"],"acf":[],"_links":{"self":[{"href":"https:\/\/gokmenarslan.com.tr\/index.php?rest_route=\/wp\/v2\/pages\/1536","targetHints":{"allow":["GET"]}}],"collection":[{"href":"https:\/\/gokmenarslan.com.tr\/index.php?rest_route=\/wp\/v2\/pages"}],"about":[{"href":"https:\/\/gokmenarslan.com.tr\/index.php?rest_route=\/wp\/v2\/types\/page"}],"author":[{"embeddable":true,"href":"https:\/\/gokmenarslan.com.tr\/index.php?rest_route=\/wp\/v2\/users\/1"}],"replies":[{"embeddable":true,"href":"https:\/\/gokmenarslan.com.tr\/index.php?rest_route=%2Fwp%2Fv2%2Fcomments&post=1536"}],"version-history":[{"count":2,"href":"https:\/\/gokmenarslan.com.tr\/index.php?rest_route=\/wp\/v2\/pages\/1536\/revisions"}],"predecessor-version":[{"id":1541,"href":"https:\/\/gokmenarslan.com.tr\/index.php?rest_route=\/wp\/v2\/pages\/1536\/revisions\/1541"}],"wp:featuredmedia":[{"embeddable":true,"href":"https:\/\/gokmenarslan.com.tr\/index.php?rest_route=\/wp\/v2\/media\/1537"}],"wp:attachment":[{"href":"https:\/\/gokmenarslan.com.tr\/index.php?rest_route=%2Fwp%2Fv2%2Fmedia&parent=1536"}],"curies":[{"name":"wp","href":"https:\/\/api.w.org\/{rel}","templated":true}]}}